{"id":2351,"date":"2023-03-31T10:30:23","date_gmt":"2023-03-31T08:30:23","guid":{"rendered":"https:\/\/chateau-marquis-de-terme.com\/produit\/chateau-marquis-de-terme-vintage-2018\/"},"modified":"2023-04-12T14:48:16","modified_gmt":"2023-04-12T12:48:16","slug":"chateau-marquis-de-terme-vintage-2018","status":"publish","type":"product","link":"https:\/\/chateau-marquis-de-terme.com\/en\/produit\/chateau-marquis-de-terme-vintage-2018\/","title":{"rendered":"Ch\u00e2teau Marquis de Terme Vintage 2018"},"content":{"rendered":"<p>Located in the heart of the Margaux appellation, the origins of this wine date back to the 15th century, but its name will be given in 1762, by Fran\u00e7ois de Peguilhan, Marquis de Terme. The Seneclauze family owns the property since 1935. Located on a central plateau, its 40 hectares of typical gravel of Margaux are planted with noble grape varieties: cabernet sauvignon, merlot, petit verdot. of the M\u00e9doc\u2019s wines.<\/p>\n","protected":false},"excerpt":{"rendered":"<p>AOC MARGAUX &#8211; GRAND CRU CLASS\u00c9 OF 1855<\/p>\n","protected":false},"featured_media":2012,"comment_status":"closed","ping_status":"closed","template":"","meta":{"_acf_changed":false,"inline_featured_image":false},"product_brand":[],"product_cat":[46],"product_tag":[],"class_list":{"0":"post-2351","1":"product","2":"type-product","3":"status-publish","4":"has-post-thumbnail","6":"product_cat-our-wines","8":"first","9":"instock","10":"taxable","11":"shipping-taxable","12":"purchasable","13":"product-type-simple"},"acf":[],"yoast_head":"<!-- This site is optimized with the Yoast SEO plugin v27.3 - https:\/\/yoast.com\/product\/yoast-seo-wordpress\/ -->\n<title>Ch\u00e2teau Marquis de Terme Vintage 2018 - Ch\u00e2teau Marquis de Terme<\/title>\n<meta name=\"description\" content=\"Discover and purchase Ch\u00e2teau Marquis de Terme vintage 2018, a Margaux Grand Cru Class\u00e9 red wine that will not leave you indifferent!\" \/>\n<meta name=\"robots\" content=\"index, follow, max-snippet:-1, max-image-preview:large, max-video-preview:-1\" \/>\n<link rel=\"canonical\" href=\"https:\/\/chateau-marquis-de-terme.com\/en\/produit\/chateau-marquis-de-terme-vintage-2018\/\" \/>\n<meta property=\"og:locale\" content=\"en_US\" \/>\n<meta property=\"og:type\" content=\"article\" \/>\n<meta property=\"og:title\" content=\"Ch\u00e2teau Marquis de Terme Vintage 2018 - Ch\u00e2teau Marquis de Terme\" \/>\n<meta property=\"og:description\" content=\"Discover and purchase Ch\u00e2teau Marquis de Terme vintage 2018, a Margaux Grand Cru Class\u00e9 red wine that will not leave you indifferent!\" \/>\n<meta property=\"og:url\" content=\"https:\/\/chateau-marquis-de-terme.com\/en\/produit\/chateau-marquis-de-terme-vintage-2018\/\" \/>\n<meta property=\"og:site_name\" content=\"Ch\u00e2teau Marquis de Terme\" \/>\n<meta property=\"article:modified_time\" content=\"2023-04-12T12:48:16+00:00\" \/>\n<meta property=\"og:image\" content=\"https:\/\/chateau-marquis-de-terme.com\/wp-content\/uploads\/ChateauMarquis_750ml_2018-600x600-1.png\" \/>\n\t<meta property=\"og:image:width\" content=\"600\" \/>\n\t<meta property=\"og:image:height\" content=\"600\" \/>\n\t<meta property=\"og:image:type\" content=\"image\/png\" \/>\n<meta name=\"twitter:card\" content=\"summary_large_image\" \/>\n<script type=\"application\/ld+json\" class=\"yoast-schema-graph\">{\"@context\":\"https:\\\/\\\/schema.org\",\"@graph\":[{\"@type\":\"WebPage\",\"@id\":\"https:\\\/\\\/chateau-marquis-de-terme.com\\\/en\\\/produit\\\/chateau-marquis-de-terme-vintage-2018\\\/\",\"url\":\"https:\\\/\\\/chateau-marquis-de-terme.com\\\/en\\\/produit\\\/chateau-marquis-de-terme-vintage-2018\\\/\",\"name\":\"Ch\u00e2teau Marquis de Terme Vintage 2018 - Ch\u00e2teau Marquis de Terme\",\"isPartOf\":{\"@id\":\"https:\\\/\\\/chateau-marquis-de-terme.com\\\/en\\\/#website\"},\"primaryImageOfPage\":{\"@id\":\"https:\\\/\\\/chateau-marquis-de-terme.com\\\/en\\\/produit\\\/chateau-marquis-de-terme-vintage-2018\\\/#primaryimage\"},\"image\":{\"@id\":\"https:\\\/\\\/chateau-marquis-de-terme.com\\\/en\\\/produit\\\/chateau-marquis-de-terme-vintage-2018\\\/#primaryimage\"},\"thumbnailUrl\":\"https:\\\/\\\/chateau-marquis-de-terme.com\\\/wp-content\\\/uploads\\\/ChateauMarquis_750ml_2018-600x600-1.png\",\"datePublished\":\"2023-03-31T08:30:23+00:00\",\"dateModified\":\"2023-04-12T12:48:16+00:00\",\"description\":\"Discover and purchase Ch\u00e2teau Marquis de Terme vintage 2018, a Margaux Grand Cru Class\u00e9 red wine that will not leave you indifferent!\",\"breadcrumb\":{\"@id\":\"https:\\\/\\\/chateau-marquis-de-terme.com\\\/en\\\/produit\\\/chateau-marquis-de-terme-vintage-2018\\\/#breadcrumb\"},\"inLanguage\":\"en-US\",\"potentialAction\":[{\"@type\":\"ReadAction\",\"target\":[\"https:\\\/\\\/chateau-marquis-de-terme.com\\\/en\\\/produit\\\/chateau-marquis-de-terme-vintage-2018\\\/\"]}]},{\"@type\":\"ImageObject\",\"inLanguage\":\"en-US\",\"@id\":\"https:\\\/\\\/chateau-marquis-de-terme.com\\\/en\\\/produit\\\/chateau-marquis-de-terme-vintage-2018\\\/#primaryimage\",\"url\":\"https:\\\/\\\/chateau-marquis-de-terme.com\\\/wp-content\\\/uploads\\\/ChateauMarquis_750ml_2018-600x600-1.png\",\"contentUrl\":\"https:\\\/\\\/chateau-marquis-de-terme.com\\\/wp-content\\\/uploads\\\/ChateauMarquis_750ml_2018-600x600-1.png\",\"width\":600,\"height\":600,\"caption\":\"Ch\u00e2teau Marquis de Terme mill\u00e9sime 2018\"},{\"@type\":\"BreadcrumbList\",\"@id\":\"https:\\\/\\\/chateau-marquis-de-terme.com\\\/en\\\/produit\\\/chateau-marquis-de-terme-vintage-2018\\\/#breadcrumb\",\"itemListElement\":[{\"@type\":\"ListItem\",\"position\":1,\"name\":\"Home\",\"item\":\"https:\\\/\\\/chateau-marquis-de-terme.com\\\/en\\\/\"},{\"@type\":\"ListItem\",\"position\":2,\"name\":\"Wines\",\"item\":\"https:\\\/\\\/chateau-marquis-de-terme.com\\\/vins\\\/\"},{\"@type\":\"ListItem\",\"position\":3,\"name\":\"Ch\u00e2teau Marquis de Terme Vintage 2018\"}]},{\"@type\":\"WebSite\",\"@id\":\"https:\\\/\\\/chateau-marquis-de-terme.com\\\/en\\\/#website\",\"url\":\"https:\\\/\\\/chateau-marquis-de-terme.com\\\/en\\\/\",\"name\":\"Ch\u00e2teau Marquis de Terme\",\"description\":\"UN VOYAGE EN PLEIN COEUR DE MARGAUX\",\"publisher\":{\"@id\":\"https:\\\/\\\/chateau-marquis-de-terme.com\\\/en\\\/#organization\"},\"alternateName\":\"Marquis de Terme\",\"potentialAction\":[{\"@type\":\"SearchAction\",\"target\":{\"@type\":\"EntryPoint\",\"urlTemplate\":\"https:\\\/\\\/chateau-marquis-de-terme.com\\\/en\\\/?s={search_term_string}\"},\"query-input\":{\"@type\":\"PropertyValueSpecification\",\"valueRequired\":true,\"valueName\":\"search_term_string\"}}],\"inLanguage\":\"en-US\"},{\"@type\":\"Organization\",\"@id\":\"https:\\\/\\\/chateau-marquis-de-terme.com\\\/en\\\/#organization\",\"name\":\"Ch\u00e2teau Marquis de Terme\",\"alternateName\":\"Marquis de Terme\",\"url\":\"https:\\\/\\\/chateau-marquis-de-terme.com\\\/en\\\/\",\"logo\":{\"@type\":\"ImageObject\",\"inLanguage\":\"en-US\",\"@id\":\"https:\\\/\\\/chateau-marquis-de-terme.com\\\/en\\\/#\\\/schema\\\/logo\\\/image\\\/\",\"url\":\"https:\\\/\\\/chateau-marquis-de-terme.com\\\/wp-content\\\/uploads\\\/MarquisDeTerme_LOGO-versionFETES2023-e1719818691148.png\",\"contentUrl\":\"https:\\\/\\\/chateau-marquis-de-terme.com\\\/wp-content\\\/uploads\\\/MarquisDeTerme_LOGO-versionFETES2023-e1719818691148.png\",\"width\":725,\"height\":367,\"caption\":\"Ch\u00e2teau Marquis de Terme\"},\"image\":{\"@id\":\"https:\\\/\\\/chateau-marquis-de-terme.com\\\/en\\\/#\\\/schema\\\/logo\\\/image\\\/\"}}]}<\/script>\n<!-- \/ Yoast SEO plugin. -->","yoast_head_json":{"title":"Ch\u00e2teau Marquis de Terme Vintage 2018 - Ch\u00e2teau Marquis de Terme","description":"Discover and purchase Ch\u00e2teau Marquis de Terme vintage 2018, a Margaux Grand Cru Class\u00e9 red wine that will not leave you indifferent!","robots":{"index":"index","follow":"follow","max-snippet":"max-snippet:-1","max-image-preview":"max-image-preview:large","max-video-preview":"max-video-preview:-1"},"canonical":"https:\/\/chateau-marquis-de-terme.com\/en\/produit\/chateau-marquis-de-terme-vintage-2018\/","og_locale":"en_US","og_type":"article","og_title":"Ch\u00e2teau Marquis de Terme Vintage 2018 - Ch\u00e2teau Marquis de Terme","og_description":"Discover and purchase Ch\u00e2teau Marquis de Terme vintage 2018, a Margaux Grand Cru Class\u00e9 red wine that will not leave you indifferent!","og_url":"https:\/\/chateau-marquis-de-terme.com\/en\/produit\/chateau-marquis-de-terme-vintage-2018\/","og_site_name":"Ch\u00e2teau Marquis de Terme","article_modified_time":"2023-04-12T12:48:16+00:00","og_image":[{"width":600,"height":600,"url":"https:\/\/chateau-marquis-de-terme.com\/wp-content\/uploads\/ChateauMarquis_750ml_2018-600x600-1.png","type":"image\/png"}],"twitter_card":"summary_large_image","schema":{"@context":"https:\/\/schema.org","@graph":[{"@type":"WebPage","@id":"https:\/\/chateau-marquis-de-terme.com\/en\/produit\/chateau-marquis-de-terme-vintage-2018\/","url":"https:\/\/chateau-marquis-de-terme.com\/en\/produit\/chateau-marquis-de-terme-vintage-2018\/","name":"Ch\u00e2teau Marquis de Terme Vintage 2018 - Ch\u00e2teau Marquis de Terme","isPartOf":{"@id":"https:\/\/chateau-marquis-de-terme.com\/en\/#website"},"primaryImageOfPage":{"@id":"https:\/\/chateau-marquis-de-terme.com\/en\/produit\/chateau-marquis-de-terme-vintage-2018\/#primaryimage"},"image":{"@id":"https:\/\/chateau-marquis-de-terme.com\/en\/produit\/chateau-marquis-de-terme-vintage-2018\/#primaryimage"},"thumbnailUrl":"https:\/\/chateau-marquis-de-terme.com\/wp-content\/uploads\/ChateauMarquis_750ml_2018-600x600-1.png","datePublished":"2023-03-31T08:30:23+00:00","dateModified":"2023-04-12T12:48:16+00:00","description":"Discover and purchase Ch\u00e2teau Marquis de Terme vintage 2018, a Margaux Grand Cru Class\u00e9 red wine that will not leave you indifferent!","breadcrumb":{"@id":"https:\/\/chateau-marquis-de-terme.com\/en\/produit\/chateau-marquis-de-terme-vintage-2018\/#breadcrumb"},"inLanguage":"en-US","potentialAction":[{"@type":"ReadAction","target":["https:\/\/chateau-marquis-de-terme.com\/en\/produit\/chateau-marquis-de-terme-vintage-2018\/"]}]},{"@type":"ImageObject","inLanguage":"en-US","@id":"https:\/\/chateau-marquis-de-terme.com\/en\/produit\/chateau-marquis-de-terme-vintage-2018\/#primaryimage","url":"https:\/\/chateau-marquis-de-terme.com\/wp-content\/uploads\/ChateauMarquis_750ml_2018-600x600-1.png","contentUrl":"https:\/\/chateau-marquis-de-terme.com\/wp-content\/uploads\/ChateauMarquis_750ml_2018-600x600-1.png","width":600,"height":600,"caption":"Ch\u00e2teau Marquis de Terme mill\u00e9sime 2018"},{"@type":"BreadcrumbList","@id":"https:\/\/chateau-marquis-de-terme.com\/en\/produit\/chateau-marquis-de-terme-vintage-2018\/#breadcrumb","itemListElement":[{"@type":"ListItem","position":1,"name":"Home","item":"https:\/\/chateau-marquis-de-terme.com\/en\/"},{"@type":"ListItem","position":2,"name":"Wines","item":"https:\/\/chateau-marquis-de-terme.com\/vins\/"},{"@type":"ListItem","position":3,"name":"Ch\u00e2teau Marquis de Terme Vintage 2018"}]},{"@type":"WebSite","@id":"https:\/\/chateau-marquis-de-terme.com\/en\/#website","url":"https:\/\/chateau-marquis-de-terme.com\/en\/","name":"Ch\u00e2teau Marquis de Terme","description":"UN VOYAGE EN PLEIN COEUR DE MARGAUX","publisher":{"@id":"https:\/\/chateau-marquis-de-terme.com\/en\/#organization"},"alternateName":"Marquis de Terme","potentialAction":[{"@type":"SearchAction","target":{"@type":"EntryPoint","urlTemplate":"https:\/\/chateau-marquis-de-terme.com\/en\/?s={search_term_string}"},"query-input":{"@type":"PropertyValueSpecification","valueRequired":true,"valueName":"search_term_string"}}],"inLanguage":"en-US"},{"@type":"Organization","@id":"https:\/\/chateau-marquis-de-terme.com\/en\/#organization","name":"Ch\u00e2teau Marquis de Terme","alternateName":"Marquis de Terme","url":"https:\/\/chateau-marquis-de-terme.com\/en\/","logo":{"@type":"ImageObject","inLanguage":"en-US","@id":"https:\/\/chateau-marquis-de-terme.com\/en\/#\/schema\/logo\/image\/","url":"https:\/\/chateau-marquis-de-terme.com\/wp-content\/uploads\/MarquisDeTerme_LOGO-versionFETES2023-e1719818691148.png","contentUrl":"https:\/\/chateau-marquis-de-terme.com\/wp-content\/uploads\/MarquisDeTerme_LOGO-versionFETES2023-e1719818691148.png","width":725,"height":367,"caption":"Ch\u00e2teau Marquis de Terme"},"image":{"@id":"https:\/\/chateau-marquis-de-terme.com\/en\/#\/schema\/logo\/image\/"}}]}},"_links":{"self":[{"href":"https:\/\/chateau-marquis-de-terme.com\/en\/wp-json\/wp\/v2\/product\/2351","targetHints":{"allow":["GET"]}}],"collection":[{"href":"https:\/\/chateau-marquis-de-terme.com\/en\/wp-json\/wp\/v2\/product"}],"about":[{"href":"https:\/\/chateau-marquis-de-terme.com\/en\/wp-json\/wp\/v2\/types\/product"}],"replies":[{"embeddable":true,"href":"https:\/\/chateau-marquis-de-terme.com\/en\/wp-json\/wp\/v2\/comments?post=2351"}],"version-history":[{"count":1,"href":"https:\/\/chateau-marquis-de-terme.com\/en\/wp-json\/wp\/v2\/product\/2351\/revisions"}],"predecessor-version":[{"id":2352,"href":"https:\/\/chateau-marquis-de-terme.com\/en\/wp-json\/wp\/v2\/product\/2351\/revisions\/2352"}],"wp:featuredmedia":[{"embeddable":true,"href":"https:\/\/chateau-marquis-de-terme.com\/en\/wp-json\/wp\/v2\/media\/2012"}],"wp:attachment":[{"href":"https:\/\/chateau-marquis-de-terme.com\/en\/wp-json\/wp\/v2\/media?parent=2351"}],"wp:term":[{"taxonomy":"product_brand","embeddable":true,"href":"https:\/\/chateau-marquis-de-terme.com\/en\/wp-json\/wp\/v2\/product_brand?post=2351"},{"taxonomy":"product_cat","embeddable":true,"href":"https:\/\/chateau-marquis-de-terme.com\/en\/wp-json\/wp\/v2\/product_cat?post=2351"},{"taxonomy":"product_tag","embeddable":true,"href":"https:\/\/chateau-marquis-de-terme.com\/en\/wp-json\/wp\/v2\/product_tag?post=2351"}],"curies":[{"name":"wp","href":"https:\/\/api.w.org\/{rel}","templated":true}]}}