{"id":2346,"date":"2023-03-31T10:24:47","date_gmt":"2023-03-31T08:24:47","guid":{"rendered":"https:\/\/chateau-marquis-de-terme.com\/produit\/marquis-de-terme-cuvee-1762-vintage-2018\/"},"modified":"2024-06-20T11:51:16","modified_gmt":"2024-06-20T09:51:16","slug":"marquis-de-terme-cuvee-1762-vintage-2018","status":"publish","type":"product","link":"https:\/\/chateau-marquis-de-terme.com\/en\/produit\/marquis-de-terme-cuvee-1762-vintage-2018\/","title":{"rendered":"Marquis de Terme Cuv\u00e9e 1762 Vintage 2019"},"content":{"rendered":"<p>Ch\u00e2teau Marquis de Terme\u02bcs history starts in 1762, when the property was included in Mademoiselle Ledoulx d\u02bcEmplet\u02bcs dowry in her marriage to Fran\u00e7ois de Peguilhan, Marquis de Terme. The property, belonging to the S\u00e9n\u00e9clauze family since 1935, has a 260-year history. Cuv\u00e9e 1762 is the expression of this timelessness. It is made to be the representation of the personality and the typycity of our terroir. All 26 of the vineyard\u02bcs plots are used in the blend.<\/p>\n","protected":false},"excerpt":{"rendered":"<p>AOC MARGAUX<\/p>\n","protected":false},"featured_media":4109,"comment_status":"closed","ping_status":"closed","template":"","meta":{"_acf_changed":false,"inline_featured_image":false},"product_brand":[],"product_cat":[46],"product_tag":[],"class_list":{"0":"post-2346","1":"product","2":"type-product","3":"status-publish","4":"has-post-thumbnail","6":"product_cat-our-wines","8":"first","9":"instock","10":"taxable","11":"shipping-taxable","12":"purchasable","13":"product-type-simple"},"acf":[],"yoast_head":"<!-- This site is optimized with the Yoast SEO plugin v27.3 - https:\/\/yoast.com\/product\/yoast-seo-wordpress\/ -->\n<title>Marquis de Terme Cuv\u00e9e 1762 Vintage 2019 - Ch\u00e2teau Marquis de Terme<\/title>\n<meta name=\"description\" content=\"Discover and purchase Ch\u00e2teau Marquis de Terme Cuv\u00e9e 1762 vintage 2019, a red wine that will not leave you indifferent!\" \/>\n<meta name=\"robots\" content=\"index, follow, max-snippet:-1, max-image-preview:large, max-video-preview:-1\" \/>\n<link rel=\"canonical\" href=\"https:\/\/chateau-marquis-de-terme.com\/en\/produit\/marquis-de-terme-cuvee-1762-vintage-2018\/\" \/>\n<meta property=\"og:locale\" content=\"en_US\" \/>\n<meta property=\"og:type\" content=\"article\" \/>\n<meta property=\"og:title\" content=\"Marquis de Terme Cuv\u00e9e 1762 Vintage 2019 - Ch\u00e2teau Marquis de Terme\" \/>\n<meta property=\"og:description\" content=\"Discover and purchase Ch\u00e2teau Marquis de Terme Cuv\u00e9e 1762 vintage 2019, a red wine that will not leave you indifferent!\" \/>\n<meta property=\"og:url\" content=\"https:\/\/chateau-marquis-de-terme.com\/en\/produit\/marquis-de-terme-cuvee-1762-vintage-2018\/\" \/>\n<meta property=\"og:site_name\" content=\"Ch\u00e2teau Marquis de Terme\" \/>\n<meta property=\"article:modified_time\" content=\"2024-06-20T09:51:16+00:00\" \/>\n<meta property=\"og:image\" content=\"https:\/\/chateau-marquis-de-terme.com\/wp-content\/uploads\/ChateauMarquis_750ml_cuvee1762.png\" \/>\n\t<meta property=\"og:image:width\" content=\"600\" \/>\n\t<meta property=\"og:image:height\" content=\"600\" \/>\n\t<meta property=\"og:image:type\" content=\"image\/png\" \/>\n<meta name=\"twitter:card\" content=\"summary_large_image\" \/>\n<meta name=\"twitter:label1\" content=\"Est. reading time\" \/>\n\t<meta name=\"twitter:data1\" content=\"1 minute\" \/>\n<script type=\"application\/ld+json\" class=\"yoast-schema-graph\">{\"@context\":\"https:\\\/\\\/schema.org\",\"@graph\":[{\"@type\":\"WebPage\",\"@id\":\"https:\\\/\\\/chateau-marquis-de-terme.com\\\/en\\\/produit\\\/marquis-de-terme-cuvee-1762-vintage-2018\\\/\",\"url\":\"https:\\\/\\\/chateau-marquis-de-terme.com\\\/en\\\/produit\\\/marquis-de-terme-cuvee-1762-vintage-2018\\\/\",\"name\":\"Marquis de Terme Cuv\u00e9e 1762 Vintage 2019 - Ch\u00e2teau Marquis de Terme\",\"isPartOf\":{\"@id\":\"https:\\\/\\\/chateau-marquis-de-terme.com\\\/en\\\/#website\"},\"primaryImageOfPage\":{\"@id\":\"https:\\\/\\\/chateau-marquis-de-terme.com\\\/en\\\/produit\\\/marquis-de-terme-cuvee-1762-vintage-2018\\\/#primaryimage\"},\"image\":{\"@id\":\"https:\\\/\\\/chateau-marquis-de-terme.com\\\/en\\\/produit\\\/marquis-de-terme-cuvee-1762-vintage-2018\\\/#primaryimage\"},\"thumbnailUrl\":\"https:\\\/\\\/chateau-marquis-de-terme.com\\\/wp-content\\\/uploads\\\/ChateauMarquis_750ml_cuvee1762.png\",\"datePublished\":\"2023-03-31T08:24:47+00:00\",\"dateModified\":\"2024-06-20T09:51:16+00:00\",\"description\":\"Discover and purchase Ch\u00e2teau Marquis de Terme Cuv\u00e9e 1762 vintage 2019, a red wine that will not leave you indifferent!\",\"breadcrumb\":{\"@id\":\"https:\\\/\\\/chateau-marquis-de-terme.com\\\/en\\\/produit\\\/marquis-de-terme-cuvee-1762-vintage-2018\\\/#breadcrumb\"},\"inLanguage\":\"en-US\",\"potentialAction\":[{\"@type\":\"ReadAction\",\"target\":[\"https:\\\/\\\/chateau-marquis-de-terme.com\\\/en\\\/produit\\\/marquis-de-terme-cuvee-1762-vintage-2018\\\/\"]}]},{\"@type\":\"ImageObject\",\"inLanguage\":\"en-US\",\"@id\":\"https:\\\/\\\/chateau-marquis-de-terme.com\\\/en\\\/produit\\\/marquis-de-terme-cuvee-1762-vintage-2018\\\/#primaryimage\",\"url\":\"https:\\\/\\\/chateau-marquis-de-terme.com\\\/wp-content\\\/uploads\\\/ChateauMarquis_750ml_cuvee1762.png\",\"contentUrl\":\"https:\\\/\\\/chateau-marquis-de-terme.com\\\/wp-content\\\/uploads\\\/ChateauMarquis_750ml_cuvee1762.png\",\"width\":600,\"height\":600},{\"@type\":\"BreadcrumbList\",\"@id\":\"https:\\\/\\\/chateau-marquis-de-terme.com\\\/en\\\/produit\\\/marquis-de-terme-cuvee-1762-vintage-2018\\\/#breadcrumb\",\"itemListElement\":[{\"@type\":\"ListItem\",\"position\":1,\"name\":\"Home\",\"item\":\"https:\\\/\\\/chateau-marquis-de-terme.com\\\/en\\\/\"},{\"@type\":\"ListItem\",\"position\":2,\"name\":\"Wines\",\"item\":\"https:\\\/\\\/chateau-marquis-de-terme.com\\\/vins\\\/\"},{\"@type\":\"ListItem\",\"position\":3,\"name\":\"Marquis de Terme Cuv\u00e9e 1762 Vintage 2019\"}]},{\"@type\":\"WebSite\",\"@id\":\"https:\\\/\\\/chateau-marquis-de-terme.com\\\/en\\\/#website\",\"url\":\"https:\\\/\\\/chateau-marquis-de-terme.com\\\/en\\\/\",\"name\":\"Ch\u00e2teau Marquis de Terme\",\"description\":\"UN VOYAGE EN PLEIN COEUR DE MARGAUX\",\"publisher\":{\"@id\":\"https:\\\/\\\/chateau-marquis-de-terme.com\\\/en\\\/#organization\"},\"alternateName\":\"Marquis de Terme\",\"potentialAction\":[{\"@type\":\"SearchAction\",\"target\":{\"@type\":\"EntryPoint\",\"urlTemplate\":\"https:\\\/\\\/chateau-marquis-de-terme.com\\\/en\\\/?s={search_term_string}\"},\"query-input\":{\"@type\":\"PropertyValueSpecification\",\"valueRequired\":true,\"valueName\":\"search_term_string\"}}],\"inLanguage\":\"en-US\"},{\"@type\":\"Organization\",\"@id\":\"https:\\\/\\\/chateau-marquis-de-terme.com\\\/en\\\/#organization\",\"name\":\"Ch\u00e2teau Marquis de Terme\",\"alternateName\":\"Marquis de Terme\",\"url\":\"https:\\\/\\\/chateau-marquis-de-terme.com\\\/en\\\/\",\"logo\":{\"@type\":\"ImageObject\",\"inLanguage\":\"en-US\",\"@id\":\"https:\\\/\\\/chateau-marquis-de-terme.com\\\/en\\\/#\\\/schema\\\/logo\\\/image\\\/\",\"url\":\"https:\\\/\\\/chateau-marquis-de-terme.com\\\/wp-content\\\/uploads\\\/MarquisDeTerme_LOGO-versionFETES2023-e1719818691148.png\",\"contentUrl\":\"https:\\\/\\\/chateau-marquis-de-terme.com\\\/wp-content\\\/uploads\\\/MarquisDeTerme_LOGO-versionFETES2023-e1719818691148.png\",\"width\":725,\"height\":367,\"caption\":\"Ch\u00e2teau Marquis de Terme\"},\"image\":{\"@id\":\"https:\\\/\\\/chateau-marquis-de-terme.com\\\/en\\\/#\\\/schema\\\/logo\\\/image\\\/\"}}]}<\/script>\n<!-- \/ Yoast SEO plugin. -->","yoast_head_json":{"title":"Marquis de Terme Cuv\u00e9e 1762 Vintage 2019 - Ch\u00e2teau Marquis de Terme","description":"Discover and purchase Ch\u00e2teau Marquis de Terme Cuv\u00e9e 1762 vintage 2019, a red wine that will not leave you indifferent!","robots":{"index":"index","follow":"follow","max-snippet":"max-snippet:-1","max-image-preview":"max-image-preview:large","max-video-preview":"max-video-preview:-1"},"canonical":"https:\/\/chateau-marquis-de-terme.com\/en\/produit\/marquis-de-terme-cuvee-1762-vintage-2018\/","og_locale":"en_US","og_type":"article","og_title":"Marquis de Terme Cuv\u00e9e 1762 Vintage 2019 - Ch\u00e2teau Marquis de Terme","og_description":"Discover and purchase Ch\u00e2teau Marquis de Terme Cuv\u00e9e 1762 vintage 2019, a red wine that will not leave you indifferent!","og_url":"https:\/\/chateau-marquis-de-terme.com\/en\/produit\/marquis-de-terme-cuvee-1762-vintage-2018\/","og_site_name":"Ch\u00e2teau Marquis de Terme","article_modified_time":"2024-06-20T09:51:16+00:00","og_image":[{"width":600,"height":600,"url":"https:\/\/chateau-marquis-de-terme.com\/wp-content\/uploads\/ChateauMarquis_750ml_cuvee1762.png","type":"image\/png"}],"twitter_card":"summary_large_image","twitter_misc":{"Est. reading time":"1 minute"},"schema":{"@context":"https:\/\/schema.org","@graph":[{"@type":"WebPage","@id":"https:\/\/chateau-marquis-de-terme.com\/en\/produit\/marquis-de-terme-cuvee-1762-vintage-2018\/","url":"https:\/\/chateau-marquis-de-terme.com\/en\/produit\/marquis-de-terme-cuvee-1762-vintage-2018\/","name":"Marquis de Terme Cuv\u00e9e 1762 Vintage 2019 - Ch\u00e2teau Marquis de Terme","isPartOf":{"@id":"https:\/\/chateau-marquis-de-terme.com\/en\/#website"},"primaryImageOfPage":{"@id":"https:\/\/chateau-marquis-de-terme.com\/en\/produit\/marquis-de-terme-cuvee-1762-vintage-2018\/#primaryimage"},"image":{"@id":"https:\/\/chateau-marquis-de-terme.com\/en\/produit\/marquis-de-terme-cuvee-1762-vintage-2018\/#primaryimage"},"thumbnailUrl":"https:\/\/chateau-marquis-de-terme.com\/wp-content\/uploads\/ChateauMarquis_750ml_cuvee1762.png","datePublished":"2023-03-31T08:24:47+00:00","dateModified":"2024-06-20T09:51:16+00:00","description":"Discover and purchase Ch\u00e2teau Marquis de Terme Cuv\u00e9e 1762 vintage 2019, a red wine that will not leave you indifferent!","breadcrumb":{"@id":"https:\/\/chateau-marquis-de-terme.com\/en\/produit\/marquis-de-terme-cuvee-1762-vintage-2018\/#breadcrumb"},"inLanguage":"en-US","potentialAction":[{"@type":"ReadAction","target":["https:\/\/chateau-marquis-de-terme.com\/en\/produit\/marquis-de-terme-cuvee-1762-vintage-2018\/"]}]},{"@type":"ImageObject","inLanguage":"en-US","@id":"https:\/\/chateau-marquis-de-terme.com\/en\/produit\/marquis-de-terme-cuvee-1762-vintage-2018\/#primaryimage","url":"https:\/\/chateau-marquis-de-terme.com\/wp-content\/uploads\/ChateauMarquis_750ml_cuvee1762.png","contentUrl":"https:\/\/chateau-marquis-de-terme.com\/wp-content\/uploads\/ChateauMarquis_750ml_cuvee1762.png","width":600,"height":600},{"@type":"BreadcrumbList","@id":"https:\/\/chateau-marquis-de-terme.com\/en\/produit\/marquis-de-terme-cuvee-1762-vintage-2018\/#breadcrumb","itemListElement":[{"@type":"ListItem","position":1,"name":"Home","item":"https:\/\/chateau-marquis-de-terme.com\/en\/"},{"@type":"ListItem","position":2,"name":"Wines","item":"https:\/\/chateau-marquis-de-terme.com\/vins\/"},{"@type":"ListItem","position":3,"name":"Marquis de Terme Cuv\u00e9e 1762 Vintage 2019"}]},{"@type":"WebSite","@id":"https:\/\/chateau-marquis-de-terme.com\/en\/#website","url":"https:\/\/chateau-marquis-de-terme.com\/en\/","name":"Ch\u00e2teau Marquis de Terme","description":"UN VOYAGE EN PLEIN COEUR DE MARGAUX","publisher":{"@id":"https:\/\/chateau-marquis-de-terme.com\/en\/#organization"},"alternateName":"Marquis de Terme","potentialAction":[{"@type":"SearchAction","target":{"@type":"EntryPoint","urlTemplate":"https:\/\/chateau-marquis-de-terme.com\/en\/?s={search_term_string}"},"query-input":{"@type":"PropertyValueSpecification","valueRequired":true,"valueName":"search_term_string"}}],"inLanguage":"en-US"},{"@type":"Organization","@id":"https:\/\/chateau-marquis-de-terme.com\/en\/#organization","name":"Ch\u00e2teau Marquis de Terme","alternateName":"Marquis de Terme","url":"https:\/\/chateau-marquis-de-terme.com\/en\/","logo":{"@type":"ImageObject","inLanguage":"en-US","@id":"https:\/\/chateau-marquis-de-terme.com\/en\/#\/schema\/logo\/image\/","url":"https:\/\/chateau-marquis-de-terme.com\/wp-content\/uploads\/MarquisDeTerme_LOGO-versionFETES2023-e1719818691148.png","contentUrl":"https:\/\/chateau-marquis-de-terme.com\/wp-content\/uploads\/MarquisDeTerme_LOGO-versionFETES2023-e1719818691148.png","width":725,"height":367,"caption":"Ch\u00e2teau Marquis de Terme"},"image":{"@id":"https:\/\/chateau-marquis-de-terme.com\/en\/#\/schema\/logo\/image\/"}}]}},"_links":{"self":[{"href":"https:\/\/chateau-marquis-de-terme.com\/en\/wp-json\/wp\/v2\/product\/2346","targetHints":{"allow":["GET"]}}],"collection":[{"href":"https:\/\/chateau-marquis-de-terme.com\/en\/wp-json\/wp\/v2\/product"}],"about":[{"href":"https:\/\/chateau-marquis-de-terme.com\/en\/wp-json\/wp\/v2\/types\/product"}],"replies":[{"embeddable":true,"href":"https:\/\/chateau-marquis-de-terme.com\/en\/wp-json\/wp\/v2\/comments?post=2346"}],"version-history":[{"count":3,"href":"https:\/\/chateau-marquis-de-terme.com\/en\/wp-json\/wp\/v2\/product\/2346\/revisions"}],"predecessor-version":[{"id":4100,"href":"https:\/\/chateau-marquis-de-terme.com\/en\/wp-json\/wp\/v2\/product\/2346\/revisions\/4100"}],"wp:featuredmedia":[{"embeddable":true,"href":"https:\/\/chateau-marquis-de-terme.com\/en\/wp-json\/wp\/v2\/media\/4109"}],"wp:attachment":[{"href":"https:\/\/chateau-marquis-de-terme.com\/en\/wp-json\/wp\/v2\/media?parent=2346"}],"wp:term":[{"taxonomy":"product_brand","embeddable":true,"href":"https:\/\/chateau-marquis-de-terme.com\/en\/wp-json\/wp\/v2\/product_brand?post=2346"},{"taxonomy":"product_cat","embeddable":true,"href":"https:\/\/chateau-marquis-de-terme.com\/en\/wp-json\/wp\/v2\/product_cat?post=2346"},{"taxonomy":"product_tag","embeddable":true,"href":"https:\/\/chateau-marquis-de-terme.com\/en\/wp-json\/wp\/v2\/product_tag?post=2346"}],"curies":[{"name":"wp","href":"https:\/\/api.w.org\/{rel}","templated":true}]}}